{"id":170,"date":"2021-02-18T11:58:26","date_gmt":"2021-02-18T11:58:26","guid":{"rendered":"http:\/\/www.arhimama.com\/?page_id=170"},"modified":"2021-03-31T10:37:34","modified_gmt":"2021-03-31T10:37:34","slug":"drobni-tisk-disclaimer","status":"publish","type":"page","link":"https:\/\/www.arhimama.com\/?page_id=170","title":{"rendered":"Drobni tisk \/ Disclaimer"},"content":{"rendered":"\n<p>Na blogu so objavljeni izdelki, ki sem jih praviloma kupila sama. V kolikor je bil izdelek podarjen, sem o njem pisala po tem, ko sem ga dejansko prejela in uporabila. Tudi, \u010de je bil izdelek podarjen v namen testa ali promocije, na mojo pozitivno ali negativno mnenje to ni vplivalo. <\/p>\n\n\n\n<p>Vse objave so plod moje domi\u0161ljije in prepri\u010danj. Razen, kadar je vir jasno ozna\u010den, zapisi niso splo\u0161ne smernice in usmeritve ampak moja spoznanja in navade kot posledica \u017eivljenjskih izku\u0161enj in nasvetov. <\/p>\n\n\n\n<p>Poleg bloga sem redno zaposlena, zato sem sicer odprta za sodelovanja v obliki sponzoriranih projektov ampak pod pogojem, da mi je dovoljeno izraziti iskreno mnenje ali kritiko, ter da mi je vsebina blizu. Vsakega predloga za sodelovanje bom vesela in mi ga lahko po\u0161ljete na naslov laura@arhimama.com. <\/p>\n\n\n\n<p>Zaradi optimizacije brskanja in bolj\u0161e uporabni\u0161ke izku\u0161nje na blogu Arhimama uporabljam \u00bbpi\u0161kotke\u00ab in z obiskom moje strani privolite v njihovo nadaljnjo uporabo.<\/p>\n\n\n\n<p>Vsebine in fotografije sem ustvarila sama, razen v primeru eksplicitne navedbe vira in so avtorsko za\u0161\u010ditene.<\/p>\n\n\n\n<h3 class=\"wp-block-heading\">Pravila za sodelovanje v nagradnih igrah<\/h3>\n\n\n\n<ol class=\"wp-block-list\"><li><strong>OSNOVNI PODATKI O NAGRADNI IGRI<\/strong><\/li><\/ol>\n\n\n\n<p>1.1 Organizator nagradne igre je Laura Mercina Rak (v nadaljevanju organizator)<br>1.2 Nagradna igra ni v nobeni povezavi z dru\u017eabnim omre\u017ejem Facebook\/Instagram (v nadaljevanju Facebook\/Instagram) in ni v nobenem primeru sponzorirana, podprta ali organizirana s strani Facebooka\/Instagrama. Prejemnik podatkov, ki jih daje na razpolago udele\u017eenec ni Facebook\/Instagram, ampak organizator. Za vsebino nagradne igre je izklju\u010dno odgovoren organizator \u2013 in ne Facebook\/Instagram. Facebook\/Instagram ne prevzema nobene odgovornosti v povezavi z nagradno igro.<br>1.3 Pogoji nagradne igre in dodatne informacije o nagradni igri so objavljene pod posamezno Instagram\/Facebook objavo, vklju\u010dno z \u010dasom trajanja nagradne igre.<\/p>\n\n\n\n<ol class=\"wp-block-list\" start=\"2\"><li><strong>UDELE\u017dENCI NAGRADNE IGRE<\/strong><\/li><\/ol>\n\n\n\n<p>2.1 Za sodelovanje v nagradni igri veljajo le omejitve, dolo\u010dene v teh pravilih nagradne igre.<br>2.2 V nagradni igri lahko sodelujejo fizi\u010dne osebe s stalnim prebivali\u0161\u010dem v Republiki Sloveniji, starej\u0161e od 15 let, ki izpolnjujejo v teh pogojih navedene pogoje sodelovanja. Mlaj\u0161i od 18 let lahko v nagradni igri sodelujejo ob soglasju star\u0161ev oz. zakonitih zastopnikov. V nagradni igri ni dovoljeno sodelovati pravnim osebam.<br>2.3 Pogoj za sodelovanje v nagradni igri je, da so udele\u017eenci seznanjeni in se strinjajo z vsemi pravili nagradne igre. \u0160teje se, da s sodelovanjem v nagradni igri udele\u017eenec pristane na vse pogoje in pravila v zvezi z nagradno igro. Nakup ni pogoj za sodelovanje v nagradni igri.<\/p>\n\n\n\n<ol class=\"wp-block-list\" start=\"3\"><li><strong>NAVODILA NAGRADNE IGRE<\/strong><\/li><\/ol>\n\n\n\n<p>3.1 Udele\u017eenec sodeluje v nagradni igri tako, da na Facebook\/Instagram strani izpolni navedene pogoje objavljene pod doti\u010dno Facebook\/Instagram objavo. Udele\u017eenec lahko sodeluje enkrat \u2013 izjemoma ve\u010dkrat, \u010de je to posebej navedeno v pogojih. V kolikor je udele\u017eenec mladoletna oseba, mora za sodelovanje v nagradni igri pridobiti dovoljenje star\u0161a ali zakonitega skrbnika. Mladoletna oseba lahko nagrado v primeru, da je iz\u017erebana, prevzame le s privolitvijo star\u0161a ali zakonitega skrbnika.<\/p>\n\n\n\n<ol class=\"wp-block-list\" start=\"4\"><li><strong>NAGRAJENCI NAGRADNE IGRE<\/strong><\/li><\/ol>\n\n\n\n<p>4.1 Organizator bo v okviru te nagradne igre podelil nagrado, ki je omenjena pod Facebook\/Instagram objavo v tekstu.<br>4.2 \u017drebanje bo izvedel organizator in ne bodo javno. Izvedeno bo s pomo\u010djo ra\u010dunalni\u0161kega programa na podlagi oddanih komentarjev in v\u0161e\u010dkov. Izjemoma se \u017erebanje opravi javno.<br>4.3. S sodelovanjem v nagradni igri se udele\u017eenec strinja z objavo imena in priimka oziroma uporabni\u0161kega imena v okviru iz\u017erebancev te nagradne igre. Organizator bo iz\u017erebanega o prejeti nagradi obvestil najpozneje v roku 5 (petih) delovnih dni po izvedenem \u017erebanju oz. po zaklju\u010dku nagradne igre, in sicer z objavo na Facebook\/Instagram profilu in s pozivom, da na zasebno sporo\u010dilo Facebook\/Instagram po\u0161lje sporo\u010dilo s svojim imenom, priimkom in naslovom, kamor mu bo organizator poslal nadaljnja navodila za prevzem nagrade.<br>4.4. V primeru, da se iz\u017erebanec v roku 5 (petih) delovnih dni od obvestila o prejemu nagrade na Facebook\/Instagram profilu ne bo odzval, se bo \u0161telo, da umika svojo udele\u017ebo v nagradni igri in se hkrati odpoveduje pravici do nagrade.<br>4.5. Po prejemu popolnih podatkov bo nagrada nagrajencu poslana po po\u0161ti v roku 30 (tridesetih) delovnih dni. Organizator ne prevzema morebitnih stro\u0161kov, ki bi nastali s prevzemom nagrade.<\/p>\n\n\n\n<ol class=\"wp-block-list\" start=\"5\"><li><strong>NAGRADE NAGRADNE IGRE<\/strong><\/li><\/ol>\n\n\n\n<p>5.1 Nagrade so navedene pod individualno objavo.<br>5.2 Nagrade ni mo\u017eno zamenjati za denar oz. drugo blago.<br>5.3 Pravice prevzema nagrade ni mogo\u010de prenesti na tretjo osebo.<br>5.4 Sodelujo\u010di so seznanjeni z mo\u017enostjo osvojitve nagrade, ki je lahko predmet obdav\u010ditve po Zakonu o dohodnini. Akontacijo za dohodnino za nagrade pla\u010da organizator, nagrajenci pa so kot zavezanci za dohodnino (2. odst. 35. \u010dlena ZDavP-2) organizatorju dol\u017eni pisno predlo\u017eiti natan\u010dne osebne podatke (ime in priimek, naslov stalnega prebivali\u0161\u010da, dav\u010dno izpostavo, svojo dav\u010dno \u0161tevilko) in sicer najkasneje v roku 14 dni od prejema obvestila o prevzemu nagrade (ali v drugem roku, ki bo naveden v obvestilu). Predlo\u017eitev navedenih podatkov je pogoj za prevzem vsake nagrade, katere vrednost presega 42 EUR z DDV. \u010ce nagrajenec organizatorju teh podatkov ne posreduje v zahtevanem roku, od soorganizatorjev ni upravi\u010den zahtevati izro\u010ditve nagrade. Soorganizatorja sta v teh primerih (odklonitev ali nepravo\u010dasno posredovani predpisani osebni podatki) prosta vseh obveznosti, ki izhajajo iz teh pravil do nagrajenca. V primeru, da je nagrajenec mladoletna oseba, bo organizator odvedel akontacijo dohodnine za njegovega star\u0161a oz. njegovega zakonitega zastopnika. Druge morebitne dav\u010dne obveznosti ali kakr\u0161ne koli druge stro\u0161ke, vezane na nagrado, nosi nagrajenec sam.<\/p>\n\n\n\n<ol class=\"wp-block-list\" start=\"6\"><li><strong>IZKLJU\u010cITEV IZ NAGRADNE IGRE<\/strong><\/li><\/ol>\n\n\n\n<p>V primeru kr\u0161itve navedenih pravil nagradne igre si organizator pridr\u017euje pravico, da izklju\u010di kr\u0161itelje iz nagradne igre brez predhodnega opozorila. Izklju\u010dene bodo osebe, ki uporabljajo nezakonite pripomo\u010dke ali si druga\u010de pridobijo koristi s pomo\u010djo manipulacije (ena fizi\u010dna oseba z ve\u010d Facebook profili). Tudi osebe, ki sodelujejo v imenu tretjih oseb (z njihovo vednostjo ali brez njihove vednosti) so lahko izklju\u010dene iz nagradne igre. Prav tako se za kr\u0161itev \u0161teje sodelovanje preko dru\u0161tev nagradnih iger, avtomatskih storitev in predvsem preko profesionalne slu\u017ebe z nagradnimi igrami. V primeru izklju\u010ditve sodelovanja iz nagradne igre, se lahko nagrajencu naknadno odvzamejo nagrade oz. se od nagrajenca zahtevajo nazaj \u017ee izro\u010dene nagrade. V kolikor naknadno izklju\u010deni nagrajenec ne razpolaga ve\u010d z izro\u010deno nagrado, se lahko od njega zahteva denarni znesek v vi\u0161ini vrednosti prejete nagrade.<\/p>\n\n\n\n<ol class=\"wp-block-list\" start=\"7\"><li><strong>IZKLJU\u010cITEV ODGOVORNOSTI<\/strong><\/li><\/ol>\n\n\n\n<p>Organizator ni odgovoren za neposredno ali posredno \u0161kodo, ki izhaja iz sodelovanja v nagradni igri, \u010de je stre\u017enik nedosegljiv, razen \u010de je to mogo\u010de pripisati skrajno malomarnim ali namernim dejanjem, ki jih je organizator dol\u017ean zastopati. Poleg tega organizator ni odgovoren za kakr\u0161nekoli tehni\u010dne napake in motnje, izpade omre\u017eja ali elektri\u010dne energije. Organizator si v izrednem primeru pred\u010dasne prekinitve nagradne igre iz razlogov, ki niso na njegovi strani, pridr\u017euje pravico, da nagrade podeli med tistimi, ki so v nagradni igri sodelovali do trenutka prekinitve ali pa da nagradne igre, brez kakr\u0161nihkoli obveznosti do sodelujo\u010dih, ne dokon\u010da.<\/p>\n\n\n\n<ol class=\"wp-block-list\" start=\"8\"><li><strong>ZASEBNOST IN VAROVANJE PODATKOV UPORABNIKA<\/strong><\/li><\/ol>\n\n\n\n<p>S sodelovanjem v nagradni igri se \u0161teje, da je dana osebna privolitev udele\u017eenca za zbiranje osebnih podatkov za namene izvedbe nagradne igre. Organizator se zavezuje, da bo pridobljene osebne podatke varoval v skladu z Zakonom o varstvu osebnih podatkov.<\/p>\n","protected":false},"excerpt":{"rendered":"<p>Na blogu so objavljeni izdelki, ki sem jih praviloma kupila sama. V kolikor je bil izdelek podarjen, sem o njem pisala po tem, ko sem ga dejansko prejela in uporabila. Tudi, \u010de je bil izdelek podarjen v namen testa ali promocije, na mojo pozitivno ali negativno mnenje to ni vplivalo. Vse objave so plod moje &hellip; <\/p>\n","protected":false},"author":1,"featured_media":0,"parent":0,"menu_order":0,"comment_status":"closed","ping_status":"closed","template":"","meta":{"footnotes":""},"class_list":["post-170","page","type-page","status-publish","hentry"],"_links":{"self":[{"href":"https:\/\/www.arhimama.com\/index.php?rest_route=\/wp\/v2\/pages\/170","targetHints":{"allow":["GET"]}}],"collection":[{"href":"https:\/\/www.arhimama.com\/index.php?rest_route=\/wp\/v2\/pages"}],"about":[{"href":"https:\/\/www.arhimama.com\/index.php?rest_route=\/wp\/v2\/types\/page"}],"author":[{"embeddable":true,"href":"https:\/\/www.arhimama.com\/index.php?rest_route=\/wp\/v2\/users\/1"}],"replies":[{"embeddable":true,"href":"https:\/\/www.arhimama.com\/index.php?rest_route=%2Fwp%2Fv2%2Fcomments&post=170"}],"version-history":[{"count":3,"href":"https:\/\/www.arhimama.com\/index.php?rest_route=\/wp\/v2\/pages\/170\/revisions"}],"predecessor-version":[{"id":360,"href":"https:\/\/www.arhimama.com\/index.php?rest_route=\/wp\/v2\/pages\/170\/revisions\/360"}],"wp:attachment":[{"href":"https:\/\/www.arhimama.com\/index.php?rest_route=%2Fwp%2Fv2%2Fmedia&parent=170"}],"curies":[{"name":"wp","href":"https:\/\/api.w.org\/{rel}","templated":true}]}}